{"id":354469,"date":"2023-04-04T12:52:25","date_gmt":"2023-04-04T12:52:25","guid":{"rendered":"https:\/\/www.abac.fr\/unsere-fachgebiete\/online-prozess\/"},"modified":"2025-07-17T11:13:36","modified_gmt":"2025-07-17T11:13:36","slug":"online-prozess","status":"publish","type":"page","link":"https:\/\/www.abac.fr\/de\/unsere-fachgebiete\/online-prozess\/","title":{"rendered":"Online-Prozess"},"content":{"rendered":"<p>[et_pb_section fb_built=&#8220;1&#8243; custom_padding_last_edited=&#8220;on|tablet&#8220; admin_label=&#8220;Header&#8220; _builder_version=&#8220;4.16&#8243; use_background_color_gradient=&#8220;on&#8220; background_color_gradient_stops=&#8220;#001b56 28%|#0e4de3 100%&#8220; background_color_gradient_start=&#8220;#001b56&#8243; background_color_gradient_start_position=&#8220;28%&#8220; background_color_gradient_end=&#8220;#0e4de3&#8243; background_image=&#8220;https:\/\/www.abac.fr\/wp-content\/uploads\/2020\/08\/robotics-05-1.png&#8220; background_size=&#8220;initial&#8220; background_position=&#8220;bottom_right&#8220; width=&#8220;90%&#8220; custom_margin=&#8220;||0vw||false|false&#8220; custom_margin_last_edited=&#8220;off|tablet&#8220; custom_padding=&#8220;6vw||6vw|10vw|true|false&#8220; custom_padding_tablet=&#8220;|10vw||10vw|false|true&#8220; custom_padding_phone=&#8220;&#8220; locked=&#8220;off&#8220; global_colors_info=&#8220;{}&#8220;][et_pb_row column_structure=&#8220;3_5,2_5&#8243; _builder_version=&#8220;4.16&#8243; width=&#8220;100%&#8220; global_colors_info=&#8220;{}&#8220;][et_pb_column type=&#8220;3_5&#8243; _builder_version=&#8220;4.16&#8243; z_index=&#8220;11&#8243; global_colors_info=&#8220;{}&#8220;][et_pb_text _builder_version=&#8220;4.16&#8243; text_font=&#8220;Exo 2|||on|||||&#8220; text_text_color=&#8220;#fdba5f&#8220; text_letter_spacing=&#8220;1px&#8220; global_colors_info=&#8220;{}&#8220;]<\/p>\n<p>UNSERE FACHGEBIETE<\/p>\n<p>[\/et_pb_text][et_pb_text _builder_version=&#8220;4.20.2&#8243; header_font=&#8220;Exo 2|600|||||||&#8220; header_font_size=&#8220;72px&#8220; header_letter_spacing=&#8220;0.5px&#8220; header_line_height=&#8220;120%&#8220; background_layout=&#8220;dark&#8220; header_font_size_tablet=&#8220;48px&#8220; header_font_size_phone=&#8220;28px&#8220; header_font_size_last_edited=&#8220;on|desktop&#8220; global_colors_info=&#8220;{}&#8220;]<\/p>\n<h1>Online-Prozess<\/h1>\n<p>[\/et_pb_text][et_pb_button button_url=&#8220;https:\/\/www.abac.fr\/de\/kontakt-online-prozess\/&#8220; button_text=&#8220;Kontaktiere uns&#8220; _builder_version=&#8220;4.20.2&#8243; custom_button=&#8220;on&#8220; button_text_size=&#8220;14px&#8220; button_text_color=&#8220;#001955&#8243; button_bg_color=&#8220;#fdba5f&#8220; button_border_width=&#8220;0px&#8220; button_letter_spacing=&#8220;1px&#8220; button_font=&#8220;Exo 2|500||on|||||&#8220; custom_padding=&#8220;10px|30px|10px|30px|true|true&#8220; global_colors_info=&#8220;{}&#8220;][\/et_pb_button][\/et_pb_column][et_pb_column type=&#8220;2_5&#8243; _builder_version=&#8220;4.16&#8243; custom_padding=&#8220;10vw||||false|false&#8220; global_colors_info=&#8220;{}&#8220;][et_pb_image src=&#8220;https:\/\/www.abac.fr\/wp-content\/uploads\/2020\/08\/robotics-19.png&#8220; title_text=&#8220;robotics-19&#8243; _builder_version=&#8220;4.16&#8243; custom_margin=&#8220;-12vw|-10vw|-16vw|-6vw|false|false&#8220; custom_margin_tablet=&#8220;0vw|0vw||0vw|false|false&#8220; custom_margin_phone=&#8220;&#8220; custom_margin_last_edited=&#8220;on|tablet&#8220; global_colors_info=&#8220;{}&#8220;][\/et_pb_image][\/et_pb_column][\/et_pb_row][\/et_pb_section][et_pb_section fb_built=&#8220;1&#8243; _builder_version=&#8220;4.16&#8243; _module_preset=&#8220;default&#8220; custom_padding=&#8220;0px||0px|||&#8220; global_colors_info=&#8220;{}&#8220;][et_pb_row _builder_version=&#8220;4.16&#8243; _module_preset=&#8220;default&#8220; custom_padding=&#8220;||0px|||&#8220; global_colors_info=&#8220;{}&#8220;][et_pb_column type=&#8220;4_4&#8243; _builder_version=&#8220;4.16&#8243; _module_preset=&#8220;default&#8220; global_colors_info=&#8220;{}&#8220;][et_pb_dmb_breadcrumbs font_icon=&#8220;%%36%%&#8220; use_home_icon=&#8220;off&#8220; _builder_version=&#8220;4.16&#8243; _module_preset=&#8220;default&#8220; body_text_color=&#8220;#001955&#8243; separator_text_color=&#8220;#001955&#8243; link_font=&#8220;|700|||||||&#8220; link_text_color=&#8220;#0e4de3&#8243; linkhover_text_color=&#8220;#fdba5f&#8220; global_colors_info=&#8220;{}&#8220;][\/et_pb_dmb_breadcrumbs][\/et_pb_column][\/et_pb_row][\/et_pb_section][et_pb_section fb_built=&#8220;1&#8243; make_equal=&#8220;on&#8220; use_custom_gutter=&#8220;on&#8220; gutter_width=&#8220;2&#8243; specialty=&#8220;on&#8220; background_color_2=&#8220;RGBA(255,255,255,0)&#8220; padding_top_2=&#8220;30px&#8220; padding_right_2=&#8220;30px&#8220; padding_bottom_2=&#8220;30px&#8220; padding_left_2=&#8220;30px&#8220; padding_top_bottom_link_2=&#8220;true&#8220; padding_left_right_link_2=&#8220;true&#8220; custom_css_main_2=&#8220;box-shadow: 0px 60px 80px -6px rgba(98,116,138,0.14);||border-radius: 10px 10px 10px 10px;&#8220; admin_label=&#8220;Products&#8220; _builder_version=&#8220;4.20.2&#8243; background_color=&#8220;#f7f9fc&#8220; use_background_color_gradient=&#8220;on&#8220; background_color_gradient_stops=&#8220;#ffffff 0%|#f7f9fc 100%&#8220; background_color_gradient_start=&#8220;#ffffff&#8220; background_color_gradient_end=&#8220;#f7f9fc&#8220; custom_padding=&#8220;120px||0px|||&#8220; global_colors_info=&#8220;{}&#8220;][et_pb_column type=&#8220;2_3&#8243; specialty_columns=&#8220;2&#8243; _builder_version=&#8220;4.16&#8243; custom_padding=&#8220;|||&#8220; global_colors_info=&#8220;{}&#8220; custom_padding__hover=&#8220;|||&#8220;][et_pb_row_inner column_structure=&#8220;1_2,1_2&#8243; _builder_version=&#8220;4.16&#8243; background_color=&#8220;#ffffff&#8220; custom_margin=&#8220;||30px||false|false&#8220; custom_padding=&#8220;30px|30px|30px|30px|true|true&#8220; border_radii=&#8220;on|10px|10px|10px|10px&#8220; box_shadow_style=&#8220;preset3&#8243; box_shadow_vertical=&#8220;60px&#8220; box_shadow_blur=&#8220;80px&#8220; box_shadow_color=&#8220;rgba(98,116,138,0.14)&#8220; global_colors_info=&#8220;{}&#8220;][et_pb_column_inner type=&#8220;1_2&#8243; saved_specialty_column_type=&#8220;2_3&#8243; _builder_version=&#8220;4.16&#8243; global_colors_info=&#8220;{}&#8220;][et_pb_image src=&#8220;https:\/\/www.abac.fr\/wp-content\/uploads\/2020\/11\/Mischtechnik-Header-S-Serie_frei_02.c8fe4143-1.png&#8220; title_text=&#8220;Mischtechnik-Header-S-Serie_frei_02.c8fe4143&#8243; show_in_lightbox=&#8220;on&#8220; _builder_version=&#8220;4.16&#8243; _module_preset=&#8220;default&#8220; global_colors_info=&#8220;{}&#8220;][\/et_pb_image][\/et_pb_column_inner][et_pb_column_inner type=&#8220;1_2&#8243; saved_specialty_column_type=&#8220;2_3&#8243; _builder_version=&#8220;4.16&#8243; global_colors_info=&#8220;{}&#8220;][et_pb_text _builder_version=&#8220;4.21.0&#8243; _module_preset=&#8220;default&#8220; header_2_font=&#8220;Exo 2|600|||||||&#8220; header_2_text_color=&#8220;#001b56&#8243; header_2_font_size=&#8220;18px&#8220; global_colors_info=&#8220;{}&#8220;]<\/p>\n<h2>Supraton \u00ae\ufe0f<\/h2>\n<p>Die In-Line-Maschinen von SUPRATON erm\u00f6glichen, dank der langj\u00e4hrigen Erfahrung von Buckau-Wolf in diesen industriellen Prozessen und der Qualit\u00e4t der f\u00fcr die Werkzeuge ausgew\u00e4hlten Materialien, eine homogene Verteilung der Elemente von Mischungen mittels Homogenisierung, Emulsion, Dispersion, Nassmahlung und Zerkleinerung. Diese Technologie macht die Herstellung von Basismischungen f\u00fcr sensible Anwendungen in den Bereichen Bauwesen, Chemie, Kosmetik oder Lebensmittel m\u00f6glich.[\/et_pb_text][et_pb_image src=&#8220;https:\/\/www.abac.fr\/wp-content\/uploads\/2020\/11\/BWS-TECHNOLOGIE.png&#8220; title_text=&#8220;BWS TECHNOLOGIE&#8220; _builder_version=&#8220;4.16&#8243; _module_preset=&#8220;default&#8220; width=&#8220;20%&#8220; global_colors_info=&#8220;{}&#8220;][\/et_pb_image][et_pb_image src=&#8220;https:\/\/www.abac.fr\/wp-content\/uploads\/2020\/11\/Supraton-300&#215;87.png&#8220; title_text=&#8220;Supraton&#8220; _builder_version=&#8220;4.16&#8243; _module_preset=&#8220;default&#8220; width=&#8220;46%&#8220; custom_margin=&#8220;||40px|||&#8220; custom_padding=&#8220;0px||||false|false&#8220; global_colors_info=&#8220;{}&#8220;][\/et_pb_image][et_pb_button button_url=&#8220;https:\/\/www.abac.fr\/de\/kontakt-online-prozess\/&#8220; button_text=&#8220;Kontaktiere uns&#8220; button_alignment=&#8220;left&#8220; _builder_version=&#8220;4.20.2&#8243; custom_button=&#8220;on&#8220; button_text_size=&#8220;14px&#8220; button_text_color=&#8220;#ffffff&#8220; button_bg_color=&#8220;#0e4de3&#8243; button_border_width=&#8220;0px&#8220; button_letter_spacing=&#8220;1px&#8220; button_font=&#8220;Exo 2|500||on|||||&#8220; custom_margin=&#8220;||||false|false&#8220; custom_padding=&#8220;10px|30px|10px|30px|true|true&#8220; box_shadow_style=&#8220;preset3&#8243; box_shadow_color=&#8220;rgba(14,77,227,0.2)&#8220; saved_tabs=&#8220;all&#8220; locked=&#8220;off&#8220; global_colors_info=&#8220;{}&#8220;][\/et_pb_button][\/et_pb_column_inner][\/et_pb_row_inner][\/et_pb_column][et_pb_column type=&#8220;1_3&#8243; _builder_version=&#8220;4.16&#8243; custom_padding=&#8220;|||&#8220; global_colors_info=&#8220;{}&#8220; custom_padding__hover=&#8220;|||&#8220;][\/et_pb_column][\/et_pb_section][et_pb_section fb_built=&#8220;1&#8243; admin_label=&#8220;Products&#8220; _builder_version=&#8220;4.16&#8243; background_color=&#8220;#f7f9fc&#8220; use_background_color_gradient=&#8220;on&#8220; background_color_gradient_stops=&#8220;#f7f9fc 0%|#ffffff 100%&#8220; background_color_gradient_start=&#8220;#f7f9fc&#8220; background_color_gradient_end=&#8220;#ffffff&#8220; custom_padding=&#8220;0px||60px|||&#8220; global_colors_info=&#8220;{}&#8220;][\/et_pb_section][et_pb_section fb_built=&#8220;1&#8243; admin_label=&#8220;Footer&#8220; _builder_version=&#8220;4.27.4&#8243; use_background_color_gradient=&#8220;on&#8220; background_color_gradient_direction=&#8220;190deg&#8220; background_color_gradient_stops=&#8220;rgba(0,0,0,0.1) 0%|rgba(0,0,0,0) 21%&#8220; background_color_gradient_overlays_image=&#8220;on&#8220; background_color_gradient_start=&#8220;rgba(0,0,0,0.1)&#8220; background_color_gradient_end=&#8220;rgba(0,0,0,0)&#8220; background_color_gradient_end_position=&#8220;21%&#8220; custom_padding=&#8220;8vw||8vw||true|false&#8220; hover_enabled=&#8220;0&#8243; saved_tabs=&#8220;all&#8220; locked=&#8220;off&#8220; global_colors_info=&#8220;{}&#8220; background_enable_image=&#8220;off&#8220; sticky_enabled=&#8220;0&#8243;][et_pb_row column_structure=&#8220;3_5,2_5&#8243; custom_padding_last_edited=&#8220;on|phone&#8220; _builder_version=&#8220;4.27.4&#8243; custom_padding=&#8220;||||false|false&#8220; custom_padding_tablet=&#8220;|24%|||false|false&#8220; custom_padding_phone=&#8220;|10%|||false|false&#8220; hover_enabled=&#8220;0&#8243; global_colors_info=&#8220;{}&#8220; sticky_enabled=&#8220;0&#8243;][et_pb_column type=&#8220;3_5&#8243; _builder_version=&#8220;4.16&#8243; global_colors_info=&#8220;{}&#8220;][et_pb_text _builder_version=&#8220;4.16&#8243; text_font=&#8220;Exo 2|||on|||||&#8220; text_text_color=&#8220;#0e4de3&#8243; text_letter_spacing=&#8220;1px&#8220; locked=&#8220;off&#8220; global_colors_info=&#8220;{}&#8220;]<\/p>\n<p>Kontakt<\/p>\n<p>[\/et_pb_text][et_pb_text _builder_version=&#8220;4.20.2&#8243; header_2_font=&#8220;Exo 2|600|||||||&#8220; header_2_font_size=&#8220;37px&#8220; header_2_line_height=&#8220;1.3em&#8220; width=&#8220;86%&#8220; width_tablet=&#8220;&#8220; width_phone=&#8220;240px&#8220; width_last_edited=&#8220;on|desktop&#8220; header_2_font_size_tablet=&#8220;32px&#8220; header_2_font_size_phone=&#8220;20px&#8220; header_2_font_size_last_edited=&#8220;on|desktop&#8220; locked=&#8220;off&#8220; global_colors_info=&#8220;{}&#8220; header_2_2_font_size_tablet=&#8220;32px&#8220; header_3_2_font_size_tablet=&#8220;32px&#8220; header_4_2_font_size_tablet=&#8220;32px&#8220; header_5_2_font_size_tablet=&#8220;32px&#8220; header_6_2_font_size_tablet=&#8220;32px&#8220; header_2_2_font_size_phone=&#8220;20px&#8220; header_3_2_font_size_phone=&#8220;20px&#8220; header_4_2_font_size_phone=&#8220;20px&#8220; header_5_2_font_size_phone=&#8220;20px&#8220; header_6_2_font_size_phone=&#8220;20px&#8220; header_2_2_font_size_last_edited=&#8220;on|phone&#8220; header_3_2_font_size_last_edited=&#8220;on|phone&#8220; header_4_2_font_size_last_edited=&#8220;on|phone&#8220; header_5_2_font_size_last_edited=&#8220;on|phone&#8220; header_6_2_font_size_last_edited=&#8220;on|phone&#8220;]<\/p>\n<h2>Haben Sie spezielle Anforderungen an Ihre Online-Prozesse?<\/h2>\n<p>[\/et_pb_text][et_pb_text _builder_version=&#8220;4.16&#8243; text_font=&#8220;PT Sans||||||||&#8220; text_font_size=&#8220;16px&#8220; text_line_height=&#8220;1.9em&#8220; width_tablet=&#8220;&#8220; width_phone=&#8220;220px&#8220; width_last_edited=&#8220;on|phone&#8220; text_font_size_tablet=&#8220;15px&#8220; text_font_size_phone=&#8220;14px&#8220; text_font_size_last_edited=&#8220;on|desktop&#8220; text_orientation_tablet=&#8220;left&#8220; text_orientation_phone=&#8220;left&#8220; text_orientation_last_edited=&#8220;on|desktop&#8220; locked=&#8220;off&#8220; global_colors_info=&#8220;{}&#8220;]<\/p>\n<p>Wir haben L\u00f6sungen f\u00fcr jeden Ihrer Bed\u00fcrfnisse.<\/p>\n<p>[\/et_pb_text][et_pb_button button_url=&#8220;https:\/\/www.abac.fr\/de\/kontakt-online-prozess\/&#8220; button_text=&#8220;Kontaktiere uns&#8220; _builder_version=&#8220;4.20.2&#8243; custom_button=&#8220;on&#8220; button_text_size=&#8220;14px&#8220; button_text_color=&#8220;#ffffff&#8220; button_bg_color=&#8220;#0e4de3&#8243; button_border_width=&#8220;0px&#8220; button_letter_spacing=&#8220;1px&#8220; button_font=&#8220;Exo 2|500||on|||||&#8220; custom_padding=&#8220;10px|30px|10px|30px|true|true&#8220; box_shadow_style=&#8220;preset3&#8243; box_shadow_color=&#8220;rgba(14,77,227,0.2)&#8220; locked=&#8220;off&#8220; global_colors_info=&#8220;{}&#8220;][\/et_pb_button][\/et_pb_column][et_pb_column type=&#8220;2_5&#8243; _builder_version=&#8220;4.16&#8243; global_colors_info=&#8220;{}&#8220;][\/et_pb_column][\/et_pb_row][\/et_pb_section]<\/p>\n","protected":false},"excerpt":{"rendered":"<p>UNSERE FACHGEBIETEOnline-ProzessSupraton \u00ae\ufe0f Die In-Line-Maschinen von SUPRATON erm\u00f6glichen, dank der langj\u00e4hrigen Erfahrung von Buckau-Wolf in diesen industriellen Prozessen und der Qualit\u00e4t der f\u00fcr die Werkzeuge ausgew\u00e4hlten Materialien, eine homogene Verteilung der Elemente von Mischungen mittels Homogenisierung, Emulsion, Dispersion, Nassmahlung und Zerkleinerung. Diese Technologie macht die Herstellung von Basismischungen f\u00fcr sensible Anwendungen in den Bereichen Bauwesen, [&hellip;]<\/p>\n","protected":false},"author":1,"featured_media":0,"parent":1715,"menu_order":0,"comment_status":"closed","ping_status":"closed","template":"","meta":{"_et_pb_use_builder":"on","_et_pb_old_content":"","_et_gb_content_width":"","footnotes":""},"class_list":["post-354469","page","type-page","status-publish","hentry"],"yoast_head":"<!-- This site is optimized with the Yoast SEO plugin v26.6 - https:\/\/yoast.com\/wordpress\/plugins\/seo\/ -->\n<title>Online-Prozess - ABAC<\/title>\n<meta name=\"robots\" content=\"index, follow, max-snippet:-1, max-image-preview:large, max-video-preview:-1\" \/>\n<link rel=\"canonical\" href=\"https:\/\/www.abac.fr\/de\/unsere-fachgebiete\/online-prozess\/\" \/>\n<meta property=\"og:locale\" content=\"de_DE\" \/>\n<meta property=\"og:type\" content=\"article\" \/>\n<meta property=\"og:title\" content=\"Online-Prozess - ABAC\" \/>\n<meta property=\"og:description\" content=\"UNSERE FACHGEBIETEOnline-ProzessSupraton \u00ae\ufe0f Die In-Line-Maschinen von SUPRATON erm\u00f6glichen, dank der langj\u00e4hrigen Erfahrung von Buckau-Wolf in diesen industriellen Prozessen und der Qualit\u00e4t der f\u00fcr die Werkzeuge ausgew\u00e4hlten Materialien, eine homogene Verteilung der Elemente von Mischungen mittels Homogenisierung, Emulsion, Dispersion, Nassmahlung und Zerkleinerung. Diese Technologie macht die Herstellung von Basismischungen f\u00fcr sensible Anwendungen in den Bereichen Bauwesen, [&hellip;]\" \/>\n<meta property=\"og:url\" content=\"https:\/\/www.abac.fr\/de\/unsere-fachgebiete\/online-prozess\/\" \/>\n<meta property=\"og:site_name\" content=\"ABAC\" \/>\n<meta property=\"article:modified_time\" content=\"2025-07-17T11:13:36+00:00\" \/>\n<meta name=\"twitter:card\" content=\"summary_large_image\" \/>\n<meta name=\"twitter:label1\" content=\"Gesch\u00e4tzte Lesezeit\" \/>\n\t<meta name=\"twitter:data1\" content=\"7\u00a0Minuten\" \/>\n<script type=\"application\/ld+json\" class=\"yoast-schema-graph\">{\"@context\":\"https:\/\/schema.org\",\"@graph\":[{\"@type\":\"WebPage\",\"@id\":\"https:\/\/www.abac.fr\/de\/unsere-fachgebiete\/online-prozess\/\",\"url\":\"https:\/\/www.abac.fr\/de\/unsere-fachgebiete\/online-prozess\/\",\"name\":\"Online-Prozess - ABAC\",\"isPartOf\":{\"@id\":\"https:\/\/www.abac.fr\/de\/#website\"},\"datePublished\":\"2023-04-04T12:52:25+00:00\",\"dateModified\":\"2025-07-17T11:13:36+00:00\",\"breadcrumb\":{\"@id\":\"https:\/\/www.abac.fr\/de\/unsere-fachgebiete\/online-prozess\/#breadcrumb\"},\"inLanguage\":\"de\",\"potentialAction\":[{\"@type\":\"ReadAction\",\"target\":[\"https:\/\/www.abac.fr\/de\/unsere-fachgebiete\/online-prozess\/\"]}]},{\"@type\":\"BreadcrumbList\",\"@id\":\"https:\/\/www.abac.fr\/de\/unsere-fachgebiete\/online-prozess\/#breadcrumb\",\"itemListElement\":[{\"@type\":\"ListItem\",\"position\":1,\"name\":\"Accueil\",\"item\":\"https:\/\/www.abac.fr\/de\/\"},{\"@type\":\"ListItem\",\"position\":2,\"name\":\"Unsere Fachgebiete\",\"item\":\"https:\/\/www.abac.fr\/de\/unsere-fachgebiete\/\"},{\"@type\":\"ListItem\",\"position\":3,\"name\":\"Online-Prozess\"}]},{\"@type\":\"WebSite\",\"@id\":\"https:\/\/www.abac.fr\/de\/#website\",\"url\":\"https:\/\/www.abac.fr\/de\/\",\"name\":\"ABAC\",\"description\":\"M\u00e9canique industrielle de pr\u00e9cision, micro\u00e9lectronique, process en ligne\",\"potentialAction\":[{\"@type\":\"SearchAction\",\"target\":{\"@type\":\"EntryPoint\",\"urlTemplate\":\"https:\/\/www.abac.fr\/de\/?s={search_term_string}\"},\"query-input\":{\"@type\":\"PropertyValueSpecification\",\"valueRequired\":true,\"valueName\":\"search_term_string\"}}],\"inLanguage\":\"de\"}]}<\/script>\n<!-- \/ Yoast SEO plugin. -->","yoast_head_json":{"title":"Online-Prozess - ABAC","robots":{"index":"index","follow":"follow","max-snippet":"max-snippet:-1","max-image-preview":"max-image-preview:large","max-video-preview":"max-video-preview:-1"},"canonical":"https:\/\/www.abac.fr\/de\/unsere-fachgebiete\/online-prozess\/","og_locale":"de_DE","og_type":"article","og_title":"Online-Prozess - ABAC","og_description":"UNSERE FACHGEBIETEOnline-ProzessSupraton \u00ae\ufe0f Die In-Line-Maschinen von SUPRATON erm\u00f6glichen, dank der langj\u00e4hrigen Erfahrung von Buckau-Wolf in diesen industriellen Prozessen und der Qualit\u00e4t der f\u00fcr die Werkzeuge ausgew\u00e4hlten Materialien, eine homogene Verteilung der Elemente von Mischungen mittels Homogenisierung, Emulsion, Dispersion, Nassmahlung und Zerkleinerung. Diese Technologie macht die Herstellung von Basismischungen f\u00fcr sensible Anwendungen in den Bereichen Bauwesen, [&hellip;]","og_url":"https:\/\/www.abac.fr\/de\/unsere-fachgebiete\/online-prozess\/","og_site_name":"ABAC","article_modified_time":"2025-07-17T11:13:36+00:00","twitter_card":"summary_large_image","twitter_misc":{"Gesch\u00e4tzte Lesezeit":"7\u00a0Minuten"},"schema":{"@context":"https:\/\/schema.org","@graph":[{"@type":"WebPage","@id":"https:\/\/www.abac.fr\/de\/unsere-fachgebiete\/online-prozess\/","url":"https:\/\/www.abac.fr\/de\/unsere-fachgebiete\/online-prozess\/","name":"Online-Prozess - ABAC","isPartOf":{"@id":"https:\/\/www.abac.fr\/de\/#website"},"datePublished":"2023-04-04T12:52:25+00:00","dateModified":"2025-07-17T11:13:36+00:00","breadcrumb":{"@id":"https:\/\/www.abac.fr\/de\/unsere-fachgebiete\/online-prozess\/#breadcrumb"},"inLanguage":"de","potentialAction":[{"@type":"ReadAction","target":["https:\/\/www.abac.fr\/de\/unsere-fachgebiete\/online-prozess\/"]}]},{"@type":"BreadcrumbList","@id":"https:\/\/www.abac.fr\/de\/unsere-fachgebiete\/online-prozess\/#breadcrumb","itemListElement":[{"@type":"ListItem","position":1,"name":"Accueil","item":"https:\/\/www.abac.fr\/de\/"},{"@type":"ListItem","position":2,"name":"Unsere Fachgebiete","item":"https:\/\/www.abac.fr\/de\/unsere-fachgebiete\/"},{"@type":"ListItem","position":3,"name":"Online-Prozess"}]},{"@type":"WebSite","@id":"https:\/\/www.abac.fr\/de\/#website","url":"https:\/\/www.abac.fr\/de\/","name":"ABAC","description":"M\u00e9canique industrielle de pr\u00e9cision, micro\u00e9lectronique, process en ligne","potentialAction":[{"@type":"SearchAction","target":{"@type":"EntryPoint","urlTemplate":"https:\/\/www.abac.fr\/de\/?s={search_term_string}"},"query-input":{"@type":"PropertyValueSpecification","valueRequired":true,"valueName":"search_term_string"}}],"inLanguage":"de"}]}},"_links":{"self":[{"href":"https:\/\/www.abac.fr\/de\/wp-json\/wp\/v2\/pages\/354469","targetHints":{"allow":["GET"]}}],"collection":[{"href":"https:\/\/www.abac.fr\/de\/wp-json\/wp\/v2\/pages"}],"about":[{"href":"https:\/\/www.abac.fr\/de\/wp-json\/wp\/v2\/types\/page"}],"author":[{"embeddable":true,"href":"https:\/\/www.abac.fr\/de\/wp-json\/wp\/v2\/users\/1"}],"replies":[{"embeddable":true,"href":"https:\/\/www.abac.fr\/de\/wp-json\/wp\/v2\/comments?post=354469"}],"version-history":[{"count":7,"href":"https:\/\/www.abac.fr\/de\/wp-json\/wp\/v2\/pages\/354469\/revisions"}],"predecessor-version":[{"id":354877,"href":"https:\/\/www.abac.fr\/de\/wp-json\/wp\/v2\/pages\/354469\/revisions\/354877"}],"up":[{"embeddable":true,"href":"https:\/\/www.abac.fr\/de\/wp-json\/wp\/v2\/pages\/1715"}],"wp:attachment":[{"href":"https:\/\/www.abac.fr\/de\/wp-json\/wp\/v2\/media?parent=354469"}],"curies":[{"name":"wp","href":"https:\/\/api.w.org\/{rel}","templated":true}]}}