{"id":354466,"date":"2023-04-04T12:51:52","date_gmt":"2023-04-04T12:51:52","guid":{"rendered":"https:\/\/www.abac.fr\/our-expertise\/online-process\/"},"modified":"2025-07-17T11:05:52","modified_gmt":"2025-07-17T11:05:52","slug":"online-process","status":"publish","type":"page","link":"https:\/\/www.abac.fr\/en\/our-expertise\/online-process\/","title":{"rendered":"Online process"},"content":{"rendered":"<p>[et_pb_section fb_built=&#8221;1&#8243; custom_padding_last_edited=&#8221;on|tablet&#8221; admin_label=&#8221;Header&#8221; _builder_version=&#8221;4.16&#8243; use_background_color_gradient=&#8221;on&#8221; background_color_gradient_stops=&#8221;#001b56 28%|#0e4de3 100%&#8221; background_color_gradient_start=&#8221;#001b56&#8243; background_color_gradient_start_position=&#8221;28%&#8221; background_color_gradient_end=&#8221;#0e4de3&#8243; background_image=&#8221;https:\/\/www.abac.fr\/wp-content\/uploads\/2020\/08\/robotics-05-1.png&#8221; background_size=&#8221;initial&#8221; background_position=&#8221;bottom_right&#8221; width=&#8221;90%&#8221; custom_margin=&#8221;||0vw||false|false&#8221; custom_margin_last_edited=&#8221;off|tablet&#8221; custom_padding=&#8221;6vw||6vw|10vw|true|false&#8221; custom_padding_tablet=&#8221;|10vw||10vw|false|true&#8221; custom_padding_phone=&#8221;&#8221; locked=&#8221;off&#8221; global_colors_info=&#8221;{}&#8221;][et_pb_row column_structure=&#8221;3_5,2_5&#8243; _builder_version=&#8221;4.16&#8243; width=&#8221;100%&#8221; global_colors_info=&#8221;{}&#8221;][et_pb_column type=&#8221;3_5&#8243; _builder_version=&#8221;4.16&#8243; z_index=&#8221;11&#8243; global_colors_info=&#8221;{}&#8221;][et_pb_text _builder_version=&#8221;4.16&#8243; text_font=&#8221;Exo 2|||on|||||&#8221; text_text_color=&#8221;#fdba5f&#8221; text_letter_spacing=&#8221;1px&#8221; global_colors_info=&#8221;{}&#8221;]<\/p>\n<p>OUR EXPERTISE<\/p>\n<p>[\/et_pb_text][et_pb_text _builder_version=&#8221;4.20.2&#8243; header_font=&#8221;Exo 2|600|||||||&#8221; header_font_size=&#8221;72px&#8221; header_letter_spacing=&#8221;0.5px&#8221; header_line_height=&#8221;120%&#8221; background_layout=&#8221;dark&#8221; header_font_size_tablet=&#8221;48px&#8221; header_font_size_phone=&#8221;28px&#8221; header_font_size_last_edited=&#8221;on|desktop&#8221; global_colors_info=&#8221;{}&#8221;]<\/p>\n<h1>Online process<\/h1>\n<p>[\/et_pb_text][et_pb_button button_url=&#8221;https:\/\/www.abac.fr\/en\/contact-process-en-ligne\/&#8221; button_text=&#8221;Contact us&#8221; _builder_version=&#8221;4.20.2&#8243; custom_button=&#8221;on&#8221; button_text_size=&#8221;14px&#8221; button_text_color=&#8221;#001955&#8243; button_bg_color=&#8221;#fdba5f&#8221; button_border_width=&#8221;0px&#8221; button_letter_spacing=&#8221;1px&#8221; button_font=&#8221;Exo 2|500||on|||||&#8221; custom_padding=&#8221;10px|30px|10px|30px|true|true&#8221; global_colors_info=&#8221;{}&#8221;][\/et_pb_button][\/et_pb_column][et_pb_column type=&#8221;2_5&#8243; _builder_version=&#8221;4.16&#8243; custom_padding=&#8221;10vw||||false|false&#8221; global_colors_info=&#8221;{}&#8221;][et_pb_image src=&#8221;https:\/\/www.abac.fr\/wp-content\/uploads\/2020\/08\/robotics-19.png&#8221; title_text=&#8221;robotics-19&#8243; _builder_version=&#8221;4.16&#8243; custom_margin=&#8221;-12vw|-10vw|-16vw|-6vw|false|false&#8221; custom_margin_tablet=&#8221;0vw|0vw||0vw|false|false&#8221; custom_margin_phone=&#8221;&#8221; custom_margin_last_edited=&#8221;on|tablet&#8221; global_colors_info=&#8221;{}&#8221;][\/et_pb_image][\/et_pb_column][\/et_pb_row][\/et_pb_section][et_pb_section fb_built=&#8221;1&#8243; _builder_version=&#8221;4.16&#8243; _module_preset=&#8221;default&#8221; custom_padding=&#8221;0px||0px|||&#8221; global_colors_info=&#8221;{}&#8221;][et_pb_row _builder_version=&#8221;4.16&#8243; _module_preset=&#8221;default&#8221; custom_padding=&#8221;||0px|||&#8221; global_colors_info=&#8221;{}&#8221;][et_pb_column type=&#8221;4_4&#8243; _builder_version=&#8221;4.16&#8243; _module_preset=&#8221;default&#8221; global_colors_info=&#8221;{}&#8221;][et_pb_dmb_breadcrumbs font_icon=&#8221;%%36%%&#8221; use_home_icon=&#8221;off&#8221; _builder_version=&#8221;4.16&#8243; _module_preset=&#8221;default&#8221; body_text_color=&#8221;#001955&#8243; separator_text_color=&#8221;#001955&#8243; link_font=&#8221;|700|||||||&#8221; link_text_color=&#8221;#0e4de3&#8243; linkhover_text_color=&#8221;#fdba5f&#8221; global_colors_info=&#8221;{}&#8221;][\/et_pb_dmb_breadcrumbs][\/et_pb_column][\/et_pb_row][\/et_pb_section][et_pb_section fb_built=&#8221;1&#8243; make_equal=&#8221;on&#8221; use_custom_gutter=&#8221;on&#8221; gutter_width=&#8221;2&#8243; specialty=&#8221;on&#8221; background_color_2=&#8221;RGBA(255,255,255,0)&#8221; padding_top_2=&#8221;30px&#8221; padding_right_2=&#8221;30px&#8221; padding_bottom_2=&#8221;30px&#8221; padding_left_2=&#8221;30px&#8221; padding_top_bottom_link_2=&#8221;true&#8221; padding_left_right_link_2=&#8221;true&#8221; custom_css_main_2=&#8221;box-shadow: 0px 60px 80px -6px rgba(98,116,138,0.14);||border-radius: 10px 10px 10px 10px;&#8221; admin_label=&#8221;Products&#8221; _builder_version=&#8221;4.20.2&#8243; background_color=&#8221;#f7f9fc&#8221; use_background_color_gradient=&#8221;on&#8221; background_color_gradient_stops=&#8221;#ffffff 0%|#f7f9fc 100%&#8221; background_color_gradient_start=&#8221;#ffffff&#8221; background_color_gradient_end=&#8221;#f7f9fc&#8221; custom_padding=&#8221;120px||0px|||&#8221; global_colors_info=&#8221;{}&#8221;][et_pb_column type=&#8221;2_3&#8243; specialty_columns=&#8221;2&#8243; _builder_version=&#8221;4.16&#8243; custom_padding=&#8221;|||&#8221; global_colors_info=&#8221;{}&#8221; custom_padding__hover=&#8221;|||&#8221;][et_pb_row_inner column_structure=&#8221;1_2,1_2&#8243; _builder_version=&#8221;4.16&#8243; background_color=&#8221;#ffffff&#8221; custom_margin=&#8221;||30px||false|false&#8221; custom_padding=&#8221;30px|30px|30px|30px|true|true&#8221; border_radii=&#8221;on|10px|10px|10px|10px&#8221; box_shadow_style=&#8221;preset3&#8243; box_shadow_vertical=&#8221;60px&#8221; box_shadow_blur=&#8221;80px&#8221; box_shadow_color=&#8221;rgba(98,116,138,0.14)&#8221; global_colors_info=&#8221;{}&#8221;][et_pb_column_inner type=&#8221;1_2&#8243; saved_specialty_column_type=&#8221;2_3&#8243; _builder_version=&#8221;4.16&#8243; global_colors_info=&#8221;{}&#8221;][et_pb_image src=&#8221;https:\/\/www.abac.fr\/wp-content\/uploads\/2020\/11\/Mischtechnik-Header-S-Serie_frei_02.c8fe4143-1.png&#8221; title_text=&#8221;Mischtechnik-Header-S-Serie_frei_02.c8fe4143&#8243; show_in_lightbox=&#8221;on&#8221; _builder_version=&#8221;4.16&#8243; _module_preset=&#8221;default&#8221; global_colors_info=&#8221;{}&#8221;][\/et_pb_image][\/et_pb_column_inner][et_pb_column_inner type=&#8221;1_2&#8243; saved_specialty_column_type=&#8221;2_3&#8243; _builder_version=&#8221;4.16&#8243; global_colors_info=&#8221;{}&#8221;][et_pb_text _builder_version=&#8221;4.21.0&#8243; _module_preset=&#8221;default&#8221; header_2_font=&#8221;Exo 2|600|||||||&#8221; header_2_text_color=&#8221;#001b56&#8243; header_2_font_size=&#8221;18px&#8221; global_colors_info=&#8221;{}&#8221;]<\/p>\n<h2>Supraton \u00ae\ufe0f<\/h2>\n<p>The machines in the SUPRATON range allow, thanks to their long experience of Buckau-Wolf in industrial processes and the quality of material chosen for the tooling, a homogenous allocation of mixed elements for standardization, emulsion, dispersion, wet grinding, and dissolution. This technology allows the production of base elements for sensitive applications in public works, chemisty, cosmetics or in the food sector.[\/et_pb_text][et_pb_image src=&#8221;https:\/\/www.abac.fr\/wp-content\/uploads\/2020\/11\/BWS-TECHNOLOGIE.png&#8221; title_text=&#8221;BWS TECHNOLOGY&#8221; _builder_version=&#8221;4.16&#8243; _module_preset=&#8221;default&#8221; width=&#8221;20%&#8221; global_colors_info=&#8221;{}&#8221;][\/et_pb_image][et_pb_image src=&#8221;https:\/\/www.abac.fr\/wp-content\/uploads\/2020\/11\/Supraton-300&#215;87.png&#8221; title_text=&#8221;Supraton&#8221; _builder_version=&#8221;4.16&#8243; _module_preset=&#8221;default&#8221; width=&#8221;46%&#8221; custom_margin=&#8221;||40px|||&#8221; custom_padding=&#8221;0px||||false|false&#8221; global_colors_info=&#8221;{}&#8221;][\/et_pb_image][et_pb_button button_url=&#8221;https:\/\/www.abac.fr\/en\/contact-process-en-ligne\/&#8221; button_text=&#8221;Contact us&#8221; button_alignment=&#8221;left&#8221; _builder_version=&#8221;4.20.2&#8243; custom_button=&#8221;on&#8221; button_text_size=&#8221;14px&#8221; button_text_color=&#8221;#ffffff&#8221; button_bg_color=&#8221;#0e4de3&#8243; button_border_width=&#8221;0px&#8221; button_letter_spacing=&#8221;1px&#8221; button_font=&#8221;Exo 2|500||on|||||&#8221; custom_margin=&#8221;||||false|false&#8221; custom_padding=&#8221;10px|30px|10px|30px|true|true&#8221; box_shadow_style=&#8221;preset3&#8243; box_shadow_color=&#8221;rgba(14,77,227,0.2)&#8221; saved_tabs=&#8221;all&#8221; locked=&#8221;off&#8221; global_colors_info=&#8221;{}&#8221;][\/et_pb_button][\/et_pb_column_inner][\/et_pb_row_inner][\/et_pb_column][et_pb_column type=&#8221;1_3&#8243; _builder_version=&#8221;4.16&#8243; custom_padding=&#8221;|||&#8221; global_colors_info=&#8221;{}&#8221; custom_padding__hover=&#8221;|||&#8221;][\/et_pb_column][\/et_pb_section][et_pb_section fb_built=&#8221;1&#8243; admin_label=&#8221;Products&#8221; _builder_version=&#8221;4.16&#8243; background_color=&#8221;#f7f9fc&#8221; use_background_color_gradient=&#8221;on&#8221; background_color_gradient_stops=&#8221;#f7f9fc 0%|#ffffff 100%&#8221; background_color_gradient_start=&#8221;#f7f9fc&#8221; background_color_gradient_end=&#8221;#ffffff&#8221; custom_padding=&#8221;0px||60px|||&#8221; global_colors_info=&#8221;{}&#8221;][\/et_pb_section][et_pb_section fb_built=&#8221;1&#8243; admin_label=&#8221;Footer&#8221; _builder_version=&#8221;4.27.4&#8243; use_background_color_gradient=&#8221;on&#8221; background_color_gradient_direction=&#8221;190deg&#8221; background_color_gradient_stops=&#8221;rgba(0,0,0,0.1) 0%|rgba(0,0,0,0) 21%&#8221; background_color_gradient_overlays_image=&#8221;on&#8221; background_color_gradient_start=&#8221;rgba(0,0,0,0.1)&#8221; background_color_gradient_end=&#8221;rgba(0,0,0,0)&#8221; background_color_gradient_end_position=&#8221;21%&#8221; custom_padding=&#8221;8vw||8vw||true|false&#8221; hover_enabled=&#8221;0&#8243; saved_tabs=&#8221;all&#8221; locked=&#8221;off&#8221; global_colors_info=&#8221;{}&#8221; background_enable_image=&#8221;off&#8221; sticky_enabled=&#8221;0&#8243;][et_pb_row column_structure=&#8221;3_5,2_5&#8243; custom_padding_last_edited=&#8221;on|phone&#8221; _builder_version=&#8221;4.16&#8243; custom_padding=&#8221;||||false|false&#8221; custom_padding_tablet=&#8221;|24%|||false|false&#8221; custom_padding_phone=&#8221;|10%|||false|false&#8221; global_colors_info=&#8221;{}&#8221;][et_pb_column type=&#8221;3_5&#8243; _builder_version=&#8221;4.16&#8243; global_colors_info=&#8221;{}&#8221;][et_pb_text _builder_version=&#8221;4.16&#8243; text_font=&#8221;Exo 2|||on|||||&#8221; text_text_color=&#8221;#0e4de3&#8243; text_letter_spacing=&#8221;1px&#8221; locked=&#8221;off&#8221; global_colors_info=&#8221;{}&#8221;]<\/p>\n<p>Contact<\/p>\n<p>[\/et_pb_text][et_pb_text _builder_version=&#8221;4.20.2&#8243; header_2_font=&#8221;Exo 2|600|||||||&#8221; header_2_font_size=&#8221;37px&#8221; header_2_line_height=&#8221;1.3em&#8221; width=&#8221;86%&#8221; width_tablet=&#8221;&#8221; width_phone=&#8221;240px&#8221; width_last_edited=&#8221;on|desktop&#8221; header_2_font_size_tablet=&#8221;32px&#8221; header_2_font_size_phone=&#8221;20px&#8221; header_2_font_size_last_edited=&#8221;on|desktop&#8221; locked=&#8221;off&#8221; global_colors_info=&#8221;{}&#8221; header_2_2_font_size_tablet=&#8221;32px&#8221; header_3_2_font_size_tablet=&#8221;32px&#8221; header_4_2_font_size_tablet=&#8221;32px&#8221; header_5_2_font_size_tablet=&#8221;32px&#8221; header_6_2_font_size_tablet=&#8221;32px&#8221; header_2_2_font_size_phone=&#8221;20px&#8221; header_3_2_font_size_phone=&#8221;20px&#8221; header_4_2_font_size_phone=&#8221;20px&#8221; header_5_2_font_size_phone=&#8221;20px&#8221; header_6_2_font_size_phone=&#8221;20px&#8221; header_2_2_font_size_last_edited=&#8221;on|phone&#8221; header_3_2_font_size_last_edited=&#8221;on|phone&#8221; header_4_2_font_size_last_edited=&#8221;on|phone&#8221; header_5_2_font_size_last_edited=&#8221;on|phone&#8221; header_6_2_font_size_last_edited=&#8221;on|phone&#8221;]<\/p>\n<h2>Specific needs for your online processes?<\/h2>\n<p>[\/et_pb_text][et_pb_text _builder_version=&#8221;4.16&#8243; text_font=&#8221;PT Sans||||||||&#8221; text_font_size=&#8221;16px&#8221; text_line_height=&#8221;1.9em&#8221; width_tablet=&#8221;&#8221; width_phone=&#8221;220px&#8221; width_last_edited=&#8221;on|phone&#8221; text_font_size_tablet=&#8221;15px&#8221; text_font_size_phone=&#8221;14px&#8221; text_font_size_last_edited=&#8221;on|desktop&#8221; text_orientation_tablet=&#8221;left&#8221; text_orientation_phone=&#8221;left&#8221; text_orientation_last_edited=&#8221;on|desktop&#8221; locked=&#8221;off&#8221; global_colors_info=&#8221;{}&#8221;]<\/p>\n<p>We have solutions for each of your needs.<\/p>\n<p>[\/et_pb_text][et_pb_button button_url=&#8221;https:\/\/www.abac.fr\/en\/contact-process-en-ligne\/&#8221; button_text=&#8221;Contact us&#8221; _builder_version=&#8221;4.20.2&#8243; custom_button=&#8221;on&#8221; button_text_size=&#8221;14px&#8221; button_text_color=&#8221;#ffffff&#8221; button_bg_color=&#8221;#0e4de3&#8243; button_border_width=&#8221;0px&#8221; button_letter_spacing=&#8221;1px&#8221; button_font=&#8221;Exo 2|500||on|||||&#8221; custom_padding=&#8221;10px|30px|10px|30px|true|true&#8221; box_shadow_style=&#8221;preset3&#8243; box_shadow_color=&#8221;rgba(14,77,227,0.2)&#8221; locked=&#8221;off&#8221; global_colors_info=&#8221;{}&#8221;][\/et_pb_button][\/et_pb_column][et_pb_column type=&#8221;2_5&#8243; _builder_version=&#8221;4.16&#8243; global_colors_info=&#8221;{}&#8221;][\/et_pb_column][\/et_pb_row][\/et_pb_section]<\/p>\n","protected":false},"excerpt":{"rendered":"<p>OUR EXPERTISEOnline processSupraton \u00ae\ufe0f The machines in the SUPRATON range allow, thanks to their long experience of Buckau-Wolf in industrial processes and the quality of material chosen for the tooling, a homogenous allocation of mixed elements for standardization, emulsion, dispersion, wet grinding, and dissolution. This technology allows the production of base elements for sensitive applications [&hellip;]<\/p>\n","protected":false},"author":1,"featured_media":0,"parent":1897,"menu_order":0,"comment_status":"closed","ping_status":"closed","template":"","meta":{"_et_pb_use_builder":"on","_et_pb_old_content":"","_et_gb_content_width":"","footnotes":""},"class_list":["post-354466","page","type-page","status-publish","hentry"],"yoast_head":"<!-- This site is optimized with the Yoast SEO plugin v26.6 - https:\/\/yoast.com\/wordpress\/plugins\/seo\/ -->\n<title>Online process - ABAC<\/title>\n<meta name=\"robots\" content=\"index, follow, max-snippet:-1, max-image-preview:large, max-video-preview:-1\" \/>\n<link rel=\"canonical\" href=\"https:\/\/www.abac.fr\/en\/our-expertise\/online-process\/\" \/>\n<meta property=\"og:locale\" content=\"en_US\" \/>\n<meta property=\"og:type\" content=\"article\" \/>\n<meta property=\"og:title\" content=\"Online process - ABAC\" \/>\n<meta property=\"og:description\" content=\"OUR EXPERTISEOnline processSupraton \u00ae\ufe0f The machines in the SUPRATON range allow, thanks to their long experience of Buckau-Wolf in industrial processes and the quality of material chosen for the tooling, a homogenous allocation of mixed elements for standardization, emulsion, dispersion, wet grinding, and dissolution. This technology allows the production of base elements for sensitive applications [&hellip;]\" \/>\n<meta property=\"og:url\" content=\"https:\/\/www.abac.fr\/en\/our-expertise\/online-process\/\" \/>\n<meta property=\"og:site_name\" content=\"ABAC\" \/>\n<meta property=\"article:modified_time\" content=\"2025-07-17T11:05:52+00:00\" \/>\n<meta name=\"twitter:card\" content=\"summary_large_image\" \/>\n<meta name=\"twitter:label1\" content=\"Est. reading time\" \/>\n\t<meta name=\"twitter:data1\" content=\"7 minutes\" \/>\n<script type=\"application\/ld+json\" class=\"yoast-schema-graph\">{\"@context\":\"https:\/\/schema.org\",\"@graph\":[{\"@type\":\"WebPage\",\"@id\":\"https:\/\/www.abac.fr\/en\/our-expertise\/online-process\/\",\"url\":\"https:\/\/www.abac.fr\/en\/our-expertise\/online-process\/\",\"name\":\"Online process - ABAC\",\"isPartOf\":{\"@id\":\"https:\/\/www.abac.fr\/en\/#website\"},\"datePublished\":\"2023-04-04T12:51:52+00:00\",\"dateModified\":\"2025-07-17T11:05:52+00:00\",\"breadcrumb\":{\"@id\":\"https:\/\/www.abac.fr\/en\/our-expertise\/online-process\/#breadcrumb\"},\"inLanguage\":\"en-US\",\"potentialAction\":[{\"@type\":\"ReadAction\",\"target\":[\"https:\/\/www.abac.fr\/en\/our-expertise\/online-process\/\"]}]},{\"@type\":\"BreadcrumbList\",\"@id\":\"https:\/\/www.abac.fr\/en\/our-expertise\/online-process\/#breadcrumb\",\"itemListElement\":[{\"@type\":\"ListItem\",\"position\":1,\"name\":\"Accueil\",\"item\":\"https:\/\/www.abac.fr\/en\/\"},{\"@type\":\"ListItem\",\"position\":2,\"name\":\"Our expertise\",\"item\":\"https:\/\/www.abac.fr\/en\/nos-expertises\/\"},{\"@type\":\"ListItem\",\"position\":3,\"name\":\"Online process\"}]},{\"@type\":\"WebSite\",\"@id\":\"https:\/\/www.abac.fr\/en\/#website\",\"url\":\"https:\/\/www.abac.fr\/en\/\",\"name\":\"ABAC\",\"description\":\"M\u00e9canique industrielle de pr\u00e9cision, micro\u00e9lectronique, process en ligne\",\"potentialAction\":[{\"@type\":\"SearchAction\",\"target\":{\"@type\":\"EntryPoint\",\"urlTemplate\":\"https:\/\/www.abac.fr\/en\/?s={search_term_string}\"},\"query-input\":{\"@type\":\"PropertyValueSpecification\",\"valueRequired\":true,\"valueName\":\"search_term_string\"}}],\"inLanguage\":\"en-US\"}]}<\/script>\n<!-- \/ Yoast SEO plugin. -->","yoast_head_json":{"title":"Online process - ABAC","robots":{"index":"index","follow":"follow","max-snippet":"max-snippet:-1","max-image-preview":"max-image-preview:large","max-video-preview":"max-video-preview:-1"},"canonical":"https:\/\/www.abac.fr\/en\/our-expertise\/online-process\/","og_locale":"en_US","og_type":"article","og_title":"Online process - ABAC","og_description":"OUR EXPERTISEOnline processSupraton \u00ae\ufe0f The machines in the SUPRATON range allow, thanks to their long experience of Buckau-Wolf in industrial processes and the quality of material chosen for the tooling, a homogenous allocation of mixed elements for standardization, emulsion, dispersion, wet grinding, and dissolution. This technology allows the production of base elements for sensitive applications [&hellip;]","og_url":"https:\/\/www.abac.fr\/en\/our-expertise\/online-process\/","og_site_name":"ABAC","article_modified_time":"2025-07-17T11:05:52+00:00","twitter_card":"summary_large_image","twitter_misc":{"Est. reading time":"7 minutes"},"schema":{"@context":"https:\/\/schema.org","@graph":[{"@type":"WebPage","@id":"https:\/\/www.abac.fr\/en\/our-expertise\/online-process\/","url":"https:\/\/www.abac.fr\/en\/our-expertise\/online-process\/","name":"Online process - ABAC","isPartOf":{"@id":"https:\/\/www.abac.fr\/en\/#website"},"datePublished":"2023-04-04T12:51:52+00:00","dateModified":"2025-07-17T11:05:52+00:00","breadcrumb":{"@id":"https:\/\/www.abac.fr\/en\/our-expertise\/online-process\/#breadcrumb"},"inLanguage":"en-US","potentialAction":[{"@type":"ReadAction","target":["https:\/\/www.abac.fr\/en\/our-expertise\/online-process\/"]}]},{"@type":"BreadcrumbList","@id":"https:\/\/www.abac.fr\/en\/our-expertise\/online-process\/#breadcrumb","itemListElement":[{"@type":"ListItem","position":1,"name":"Accueil","item":"https:\/\/www.abac.fr\/en\/"},{"@type":"ListItem","position":2,"name":"Our expertise","item":"https:\/\/www.abac.fr\/en\/nos-expertises\/"},{"@type":"ListItem","position":3,"name":"Online process"}]},{"@type":"WebSite","@id":"https:\/\/www.abac.fr\/en\/#website","url":"https:\/\/www.abac.fr\/en\/","name":"ABAC","description":"M\u00e9canique industrielle de pr\u00e9cision, micro\u00e9lectronique, process en ligne","potentialAction":[{"@type":"SearchAction","target":{"@type":"EntryPoint","urlTemplate":"https:\/\/www.abac.fr\/en\/?s={search_term_string}"},"query-input":{"@type":"PropertyValueSpecification","valueRequired":true,"valueName":"search_term_string"}}],"inLanguage":"en-US"}]}},"_links":{"self":[{"href":"https:\/\/www.abac.fr\/en\/wp-json\/wp\/v2\/pages\/354466","targetHints":{"allow":["GET"]}}],"collection":[{"href":"https:\/\/www.abac.fr\/en\/wp-json\/wp\/v2\/pages"}],"about":[{"href":"https:\/\/www.abac.fr\/en\/wp-json\/wp\/v2\/types\/page"}],"author":[{"embeddable":true,"href":"https:\/\/www.abac.fr\/en\/wp-json\/wp\/v2\/users\/1"}],"replies":[{"embeddable":true,"href":"https:\/\/www.abac.fr\/en\/wp-json\/wp\/v2\/comments?post=354466"}],"version-history":[{"count":4,"href":"https:\/\/www.abac.fr\/en\/wp-json\/wp\/v2\/pages\/354466\/revisions"}],"predecessor-version":[{"id":354870,"href":"https:\/\/www.abac.fr\/en\/wp-json\/wp\/v2\/pages\/354466\/revisions\/354870"}],"up":[{"embeddable":true,"href":"https:\/\/www.abac.fr\/en\/wp-json\/wp\/v2\/pages\/1897"}],"wp:attachment":[{"href":"https:\/\/www.abac.fr\/en\/wp-json\/wp\/v2\/media?parent=354466"}],"curies":[{"name":"wp","href":"https:\/\/api.w.org\/{rel}","templated":true}]}}